{"id":238,"date":"2025-02-24T12:38:09","date_gmt":"2025-02-24T12:38:09","guid":{"rendered":"https:\/\/www.yoncaosgb.com\/?page_id=238"},"modified":"2025-02-24T12:38:09","modified_gmt":"2025-02-24T12:38:09","slug":"risk-analizi","status":"publish","type":"page","link":"https:\/\/www.yoncaosgb.com\/index.php\/risk-analizi\/","title":{"rendered":"Risk Analizi"},"content":{"rendered":"\n<p><strong>R\u0130SK ANAL\u0130Z\u0130 NED\u0130R?<\/strong><\/p>\n\n\n\n<p><strong>Risk analizi \u00e7al\u0131\u015fmalar\u0131 tehlike potansiyeli bulunan maddelerle ilgili her t\u00fcrl\u00fc bilimsel bilginin d\u00fczenlenmesi ve analiz edilmesine y\u00f6nelik sistematik bir yakla\u015f\u0131md\u0131r.<\/strong><\/p>\n\n\n\n<p><strong>\u0130\u015fletme ve i\u015fyerlerine risk analizi yaparak; Tehlikelerin Belirlenmesi, Risklerin De\u011ferlendirilmesi ve Risklerin Kabul Edilebilir Seviyelere \u00c7ekilmesi<\/strong><\/p>\n\n\n\n<p><strong>Risk de\u011ferlendirme \u00e7al\u0131\u015fmalar\u0131 ile;<\/strong><strong><\/strong><\/p>\n\n\n\n<p><strong>&#8211; Tehlikelerin s\u0131n\u0131fland\u0131r\u0131lmas\u0131,<br>&#8211; Risklerin belirlenmesi,<br>&#8211; Risklerin Derecelendirilmesi,<br>&#8211; Kabul edilebilir s\u0131n\u0131rlara \u00e7ekilmesi,<\/strong><\/p>\n\n\n\n<p><strong>hedeflenmektedir.<\/strong><\/p>\n\n\n\n<p><strong>Risk de\u011ferlendirme faaliyetleri ile;<\/strong><strong><\/strong><\/p>\n\n\n\n<p><strong>&#8211; \u0130\u015fyerinin yaz\u0131l\u0131 prosed\u00fcr ve politikalar\u0131n\u0131n olu\u015fmas\u0131n\u0131 ya da olgunla\u015fmas\u0131n\u0131 sa\u011flar.<br>&#8211; \u0130\u015fyeri y\u00f6netiminin ve \u00e7al\u0131\u015fanlar\u0131n\u0131n&nbsp;\u0130SG&nbsp;konular\u0131nda bilgi sahibi olmalar\u0131n\u0131 ve kat\u0131l\u0131m\u0131n\u0131 sa\u011flar.<br>&#8211; Risk analizi prosesinden al\u0131nan ilk sonu\u00e7lar ile organizasyon ya da i\u015fletmedeki olas\u0131 tehlikeler ve al\u0131nacak tedbirler belirlenir.<br>&#8211; \u0130\u015fletme, organizasyon ya da kurumdaki risklerin b\u00fcy\u00fckl\u00fc\u011f\u00fcn\u00fcn hesaplamas\u0131na ve riskin tolere edilebilir olup olmad\u0131\u011f\u0131na karar verilmesini sa\u011flar.<br>&#8211; \u0130\u015fyerinde yanl\u0131\u015f g\u00fcvenlik tedbirleri al\u0131nm\u0131\u015f olabilir, ya da insanlarda yanl\u0131\u015f g\u00fcvenlik bilinci olu\u015fmu\u015f olabilir, t\u00fcm bu tedbirlerin ve g\u00fcvenlik bilincinin g\u00f6zden ge\u00e7irilmesini sa\u011flar.<br>&#8211; \u0130\u015fyerinde yasal y\u00fck\u00fcml\u00fcl\u00fckler ve&nbsp;\u0130SG&nbsp;politikas\u0131 \u00e7er\u00e7evesinde tahamm\u00fcl edilebilir d\u00fczeye indirilmi\u015f risk ile \u00e7al\u0131\u015f\u0131lmas\u0131n\u0131 sa\u011flar.<br>&#8211; \u0130\u015fyerindeki gerekli d\u00fczeltici ve \u00f6nleyici faaliyetlerin ger\u00e7ekle\u015ftirilmesini sa\u011flayacak verilerin kaydedilmesini, sonu\u00e7lar\u0131n izlenmesini ve \u00f6l\u00e7\u00fclmesini sa\u011flan\u0131r.<\/strong><\/p>\n\n\n\n<p><strong>Ger\u00e7ekle\u015ftirilen Risk Analizi \u00e7al\u0131\u015fmalar\u0131 sonucunda Tehlike ve Risk De\u011ferlendirmesi E\u011fitimi ile orta ve \u00fcst d\u00fczey y\u00f6neticilere risk analizi \u00e7al\u0131\u015fmalar\u0131n\u0131n i\u015fletmede uygulamas\u0131 ve \u201cRisk analizi nas\u0131l yap\u0131l\u0131r?\u201d hakk\u0131nda bilgi aktar\u0131lmaktad\u0131r.<\/strong><\/p>\n\n\n\n<p><strong>\u0130\u015fletmenizde risk analizi \u00e7al\u0131\u015fmalar\u0131 tamamen&nbsp;OHSAS 18001 \u0130\u015f Sa\u011fl\u0131\u011f\u0131 ve G\u00fcvenli\u011fi Y\u00f6netim Sistemi&nbsp;\u015fartlar\u0131 kapsam\u0131nda haz\u0131rlanmaktad\u0131r. Bu nedenle&nbsp;OHSAS 18001 \u0130\u015f Sa\u011fl\u0131\u011f\u0131 ve G\u00fcvenli\u011fi Y\u00f6netim Sistemini b\u00fcnyesinde kurmak ve uygulamak isteyen firmalar i\u00e7in \u00e7ok b\u00fcy\u00fck bir avantaj sa\u011flayacakt\u0131r.<\/strong><\/p>\n","protected":false},"excerpt":{"rendered":"<p>R\u0130SK ANAL\u0130Z\u0130 NED\u0130R? Risk analizi \u00e7al\u0131\u015fmalar\u0131 tehlike potansiyeli bulunan maddelerle ilgili her t\u00fcrl\u00fc bilimsel bilginin d\u00fczenlenmesi ve analiz edilmesine y\u00f6nelik sistematik bir [&hellip;]<\/p>\n","protected":false},"author":1,"featured_media":0,"parent":0,"menu_order":0,"comment_status":"closed","ping_status":"closed","template":"","meta":{"footnotes":""},"class_list":["post-238","page","type-page","status-publish","hentry"],"_links":{"self":[{"href":"https:\/\/www.yoncaosgb.com\/index.php\/wp-json\/wp\/v2\/pages\/238","targetHints":{"allow":["GET"]}}],"collection":[{"href":"https:\/\/www.yoncaosgb.com\/index.php\/wp-json\/wp\/v2\/pages"}],"about":[{"href":"https:\/\/www.yoncaosgb.com\/index.php\/wp-json\/wp\/v2\/types\/page"}],"author":[{"embeddable":true,"href":"https:\/\/www.yoncaosgb.com\/index.php\/wp-json\/wp\/v2\/users\/1"}],"replies":[{"embeddable":true,"href":"https:\/\/www.yoncaosgb.com\/index.php\/wp-json\/wp\/v2\/comments?post=238"}],"version-history":[{"count":1,"href":"https:\/\/www.yoncaosgb.com\/index.php\/wp-json\/wp\/v2\/pages\/238\/revisions"}],"predecessor-version":[{"id":248,"href":"https:\/\/www.yoncaosgb.com\/index.php\/wp-json\/wp\/v2\/pages\/238\/revisions\/248"}],"wp:attachment":[{"href":"https:\/\/www.yoncaosgb.com\/index.php\/wp-json\/wp\/v2\/media?parent=238"}],"curies":[{"name":"wp","href":"https:\/\/api.w.org\/{rel}","templated":true}]}}