{"id":202,"date":"2025-02-21T15:24:32","date_gmt":"2025-02-21T15:24:32","guid":{"rendered":"https:\/\/www.yoncaosgb.com\/?page_id=202"},"modified":"2025-02-21T15:24:32","modified_gmt":"2025-02-21T15:24:32","slug":"biz-kimiz","status":"publish","type":"page","link":"https:\/\/www.yoncaosgb.com\/index.php\/biz-kimiz\/","title":{"rendered":"Biz Kimiz !"},"content":{"rendered":"\n<p>YONCA OSGB;<\/p>\n\n\n\n<p>Sekt\u00f6rde 12 y\u0131ll\u0131k deneyimimizle i\u015f sa\u011fl\u0131\u011f\u0131 ve g\u00fcvenli\u011fi alan\u0131nda hizmet veren bir firmay\u0131z. Ba\u015fta \u0130zmir ve Manisa olmak \u00fczere \u00e7evre illerde kapsaml\u0131 \u0130SG \u00e7al\u0131\u015fmalar\u0131na imza atan yetkin kadromuzla s\u00fcreklilik ve kar\u015f\u0131l\u0131kl\u0131 g\u00fcven \u00e7er\u00e7evesinde sekt\u00f6rde \u00f6nc\u00fc kurulu\u015f olma hedefindeyiz.<\/p>\n\n\n\n<p>\u201cTemel \u0130\u015f Sa\u011fl\u0131\u011f\u0131 ve G\u00fcvenli\u011fi E\u011fitimleri\u201d ile \u00e7al\u0131\u015fanlarda \u0130SG alan\u0131nda fark\u0131ndal\u0131k yaratmakta, periyodik sa\u011fl\u0131k tetkikleri ile \u00e7al\u0131\u015fanlar\u0131n sa\u011fl\u0131k taramalar\u0131n\u0131 yapmakta ve koruyucu hekimlik ilkesi gere\u011fi \u00e7al\u0131\u015fanlar\u0131 olas\u0131 meslek hastal\u0131\u011f\u0131 risklerinden korumak i\u00e7in gerekli \u00f6nlemlerin al\u0131nmas\u0131n\u0131 talep etmektedir.<br>Milli E\u011fitim Bakanl\u0131\u011f\u0131 onayl\u0131 \u201cY\u00fcksekte \u00c7al\u0131\u015fma E\u011fitmenleri\u201d, \u201cYang\u0131n-Acil Durum Ekipleri E\u011fitmenleri\u201d ve \u201cPatlamadan Korunma Dok\u00fcman\u0131 Uzmanlar\u0131\u201d ile firmalar\u0131n e\u011fitim ihtiya\u00e7lar\u0131na cevap verebilmektedir.<\/p>\n\n\n\n<p>Hizmet verdi\u011fi i\u015fletmelere, i\u015f sa\u011fl\u0131\u011f\u0131 ve g\u00fcvenli\u011fi alan\u0131nda tecr\u00fcbeli i\u015fyeri hekimi, i\u015f g\u00fcvenli\u011fi uzman\u0131 ve di\u011fer sa\u011fl\u0131k personelleriyle, firma proseslerine \u00f6zg\u00fc iyile\u015ftirici ve geli\u015ftirici \u00e7\u00f6z\u00fcm \u00f6nerileri sunmaktad\u0131r. \u201cS\u0131f\u0131r \u0130\u015f Kazas\u0131\u201d hedefiyle yola \u00e7\u0131kan YONCA OSGB, g\u00fcncel mevzuat h\u00fck\u00fcmlerine ba\u011fl\u0131 kalarak hizmet verdi\u011fi firmalarda \u201c\u0130\u015f G\u00fcvenli\u011fi K\u00fclt\u00fcr\u00fc\u201d n\u00fc olu\u015fturmay\u0131, sa\u011fl\u0131kl\u0131 \u00e7al\u0131\u015fma \u015fartlar\u0131 sa\u011flamay\u0131 ve g\u00fcvenli \u00e7al\u0131\u015fma alanlar\u0131 yaratmay\u0131 ama\u00e7lamaktad\u0131r.<\/p>\n\n\n\n<p>Dan\u0131\u015fmanl\u0131k hizmeti verdi\u011fimiz firmalar\u0131n ger\u00e7ek ihtiya\u00e7lar\u0131n\u0131 onlar\u0131n bak\u0131\u015f a\u00e7\u0131s\u0131yla g\u00f6rerek, hedeflerine uygun, pratik, etkin ve kal\u0131c\u0131 \u00e7\u00f6z\u00fcmler \u00fcreterek, sa\u011fl\u0131kl\u0131 ve g\u00fcvenli bir \u00e7al\u0131\u015fma ortam\u0131 tesis etmek temel hedefimizdir.<\/p>\n\n\n\n<p>M\u0130SYONUMUZ<br>Alan\u0131nda deneyimli, uzmanla\u015fm\u0131\u015f kadromuz ve kurumsal altyap\u0131m\u0131zla i\u015f sa\u011fl\u0131\u011f\u0131 ve g\u00fcvenli\u011fi sekt\u00f6r\u00fcne de\u011fer katmak, \u0130SG hizmetlerini ilgili mevzuatlara uygun olarak daha k\u0131sa s\u00fcrede ve daha az maliyetle ula\u015f\u0131labilir, s\u00fcrd\u00fcr\u00fclebilir hale getirerek payda\u015flar\u0131m\u0131za istenilenin de \u00f6tesinde hizmet vermeyi hedefliyoruz.<br>Hizmet verdi\u011fimiz firmalar\u0131 ve \u00e7al\u0131\u015fanlar\u0131n\u0131 \u00f6nemsiyoruz. \u00c7al\u0131\u015fma ortamlar\u0131n\u0131 g\u00fcvenli hale getirmek i\u00e7in \u00f6zveri ile hareket ediyor, hizmet verdi\u011fimiz firmalarda \u0130SG bilincini olu\u015fturabilmek i\u00e7in gayret ediyoruz.<\/p>\n\n\n\n<p>6331 \u0130\u015f Sa\u011fl\u0131\u011f\u0131 ve G\u00fcvenli\u011fi Kanunu ve 4857 \u0130\u015f Kanunu ba\u015fta olmak \u00fczere \u0130\u015f G\u00fcvenli\u011fi ile ilgili yap\u0131lmas\u0131 gerekenleri payda\u015flar\u0131m\u0131zla payla\u015f\u0131yor, \u00e7al\u0131\u015fanlar\u0131n ve i\u015fverenlerin sahip olduklar\u0131 haklar\u0131 ve y\u00fck\u00fcml\u00fcl\u00fckleri kendilerine iletiyor, daha sa\u011fl\u0131kl\u0131, g\u00fcvenli ve verimli bir \u00e7al\u0131\u015fma ortam\u0131 yaratmak i\u00e7in gayret ediyoruz.<\/p>\n\n\n\n<p>Hizmet verdi\u011fimiz tesislerin \u00e7evreye olabilecek olumsuz etkilerini en aza indirebilmek i\u00e7in s\u00fcrekli iyile\u015ftirme y\u00f6ntemleri geli\u015ftiriyor ve payda\u015flar\u0131m\u0131za sunuyoruz.<\/p>\n\n\n\n<p>En \u00f6nemli payda\u015flar\u0131m\u0131zdan biri olan \u00e7al\u0131\u015fanlar\u0131m\u0131z ile tak\u0131m ruhu ile \u00e7al\u0131\u015f\u0131yor, \u00e7al\u0131\u015fanlar\u0131m\u0131z\u0131n kariyerlerini geli\u015ftirmelerine katk\u0131da bulunuyoruz.<\/p>\n\n\n\n<p>V\u0130ZYONUMUZ<br>Profesyonel ekibimiz, sorunlara \u00e7\u00f6z\u00fcm odakl\u0131 yakla\u015f\u0131m\u0131m\u0131z, i\u015f sa\u011fl\u0131\u011f\u0131 g\u00fcvenli\u011fi k\u00fclt\u00fcr\u00fcn\u00fc olu\u015fturmak i\u00e7in gerekli olan t\u00fcm ihtiya\u00e7lara cevap verebilme kapasitemiz ile hizmet vermek ve sekt\u00f6r\u00fcn aranan ve lider markalar\u0131ndan biri olmakt\u0131r.<br>\u0130\u015f Sa\u011fl\u0131\u011f\u0131 ve G\u00fcvenli\u011fi sekt\u00f6r\u00fcnde proaktif yakla\u015f\u0131mla \u201c\u00d6nce \u0130\u015f Sa\u011fl\u0131\u011f\u0131\u201d ilkesi ile hareket ederek Ege B\u00f6lgesinde ilk aran\u0131lan Ortak Sa\u011fl\u0131k G\u00fcvenlik Birimi (OSGB) olmakt\u0131r.<\/p>\n","protected":false},"excerpt":{"rendered":"<p>YONCA OSGB; Sekt\u00f6rde 12 y\u0131ll\u0131k deneyimimizle i\u015f sa\u011fl\u0131\u011f\u0131 ve g\u00fcvenli\u011fi alan\u0131nda hizmet veren bir firmay\u0131z. Ba\u015fta \u0130zmir ve Manisa olmak \u00fczere \u00e7evre [&hellip;]<\/p>\n","protected":false},"author":1,"featured_media":0,"parent":0,"menu_order":0,"comment_status":"closed","ping_status":"closed","template":"","meta":{"footnotes":""},"class_list":["post-202","page","type-page","status-publish","hentry"],"_links":{"self":[{"href":"https:\/\/www.yoncaosgb.com\/index.php\/wp-json\/wp\/v2\/pages\/202","targetHints":{"allow":["GET"]}}],"collection":[{"href":"https:\/\/www.yoncaosgb.com\/index.php\/wp-json\/wp\/v2\/pages"}],"about":[{"href":"https:\/\/www.yoncaosgb.com\/index.php\/wp-json\/wp\/v2\/types\/page"}],"author":[{"embeddable":true,"href":"https:\/\/www.yoncaosgb.com\/index.php\/wp-json\/wp\/v2\/users\/1"}],"replies":[{"embeddable":true,"href":"https:\/\/www.yoncaosgb.com\/index.php\/wp-json\/wp\/v2\/comments?post=202"}],"version-history":[{"count":1,"href":"https:\/\/www.yoncaosgb.com\/index.php\/wp-json\/wp\/v2\/pages\/202\/revisions"}],"predecessor-version":[{"id":203,"href":"https:\/\/www.yoncaosgb.com\/index.php\/wp-json\/wp\/v2\/pages\/202\/revisions\/203"}],"wp:attachment":[{"href":"https:\/\/www.yoncaosgb.com\/index.php\/wp-json\/wp\/v2\/media?parent=202"}],"curies":[{"name":"wp","href":"https:\/\/api.w.org\/{rel}","templated":true}]}}